{"id":743,"date":"2021-04-13T16:10:59","date_gmt":"2021-04-13T08:10:59","guid":{"rendered":"http:\/\/201230ip92c2.adwebcloud.com\/?post_type=product&#038;p=743"},"modified":"2021-10-09T14:35:54","modified_gmt":"2021-10-09T06:35:54","slug":"hguoc-ultrasonic-open-channel-flow-meter","status":"publish","type":"product","link":"https:\/\/www.hginstrument.com\/pt\/flow-instrument\/hguoc-ultrasonic-open-channel-flow-meter\/","title":{"rendered":"Medidor de caudal ultrass\u00f3nico de canal aberto HGUOC"},"content":{"rendered":"<h5><strong>Advantage\uff1a<\/strong><\/h5>\n<ul>\n<li>Non-contact measuring, sensor does not contact the measured medium, without hazard of abrasion and corrosion, long span and easy to maintain<\/li>\n<li>High accuracy, liquid level change 1mm, the volume flow will also change correspondingly<\/li>\n<li>Suitable for many weir\/flume, support international and ISO version of weir\/groove, such as Parshall flume, triangular weir (30\u00b0, 45\u00b0, 60\u00b0, 90\u00b0, 120\u00b0), rectangular weir(can customize weir\u2019s width),can input formula of calculating volume flow.<\/li>\n<li>LCD display with backlight, operation language option: Chinese \/ English<\/li>\n<li>Can set flow unit, correct accumulated flow and set many menu item<\/li>\n<li>Simple to programming, easy to operate<\/li>\n<li>Sensor weather proof grade: IP68<\/li>\n<li>Sensor has strong anti-interference performance, low blind area, high sensitivity, the length of cable connecting sensor to main unit can reach to 1000m<\/li>\n<li>Can supply 6 relay outputs, pulse output of accumulated flow<\/li>\n<li>Can supply RS485 communication base on Modbus-RTU protocol<\/li>\n<li>Can supply corresponding manipulator for operate expediently<\/li>\n<li>Can customize solar power supply mode, wireless transmission(database server is in China)<\/li>\n<\/ul>\n<p>&nbsp;<\/p>\n<h5><strong>Principle\uff1a<\/strong><\/h5>\n<p><img class=\"alignnone wp-image-751 size-full\" src=\"http:\/\/www.hginstrument.com\/wp-content\/uploads\/2021\/04\/principle-diagram.jpg\" alt=\"principle diagram\" width=\"598\" height=\"407\" srcset=\"https:\/\/www.hginstrument.com\/wp-content\/uploads\/2021\/04\/principle-diagram.jpg 598w, https:\/\/www.hginstrument.com\/wp-content\/uploads\/2021\/04\/principle-diagram-300x204.jpg 300w\" sizes=\"(max-width: 598px) 100vw, 598px\" \/><\/p>\n<p>Ultra sensor is installed on the top of weir\/flume( shown as diagram above), sensor emit a bunch of sound wave to liquid surface periodically, when this bunch of wave reach to liquid surface, it will be reflected back and received by sensor, main unit will measure the transmission time (<strong>t<\/strong>) of this process. The known sound wave velocity is \u201c<strong>V<\/strong>\u201d.\u00a0 \u00a0 <strong>d=V*t\/2, \u00a0\u00a0h=H-d<\/strong><\/p>\n<p>For the known weir\/flume, there is a certain function relationship between the volume flow and the corresponding liquid level value. That is <strong>Q= f (h)<\/strong>. In main unit, you can set parameter value of weir\/flume according to the known weir\/flume, the main unit will calculate volume flow automatically during measuring process. Ultrasonic open channel flow meter firstly measures the distance from sensor to the liquid surface, then calculate the liquid level value, then calculate the volume flow. It is important for Installation and commissioning to know this flow meter\u2019s working principle.<\/p>\n<p>&nbsp;<\/p>\n<p><strong>Main unit technical data:<\/strong><\/p>\n<table>\n<tbody>\n<tr>\n<td style=\"background-color: #d8d8d8;\" width=\"140\"><img class=\"wp-image-750 aligncenter\" title=\"\" src=\"http:\/\/www.hginstrument.com\/wp-content\/uploads\/2021\/04\/main-unit-231x300.jpg\" alt=\"main unit\" width=\"87\" height=\"113\" srcset=\"https:\/\/www.hginstrument.com\/wp-content\/uploads\/2021\/04\/main-unit-231x300.jpg 231w, https:\/\/www.hginstrument.com\/wp-content\/uploads\/2021\/04\/main-unit.jpg 421w\" sizes=\"(max-width: 87px) 100vw, 87px\" \/><\/td>\n<td style=\"background-color: #d8d8d8; text-align: center; vertical-align: middle;\" width=\"527\"><strong>Main unit parameter description<\/strong><\/td>\n<\/tr>\n<tr>\n<td style=\"background-color: #d8d8d8; vertical-align: middle; text-align: left;\" width=\"140\">Weir\/flume type<\/td>\n<td width=\"527\"><strong>ISO type: <\/strong>Parshall flume (No.1 to 23), rectangular weir(25\/50\/75\/100cm or customize weir width), triangular weir(30\u00b0, 45\u00b0, 60\u00b0, 90\u00b0, 120\u00b0), customized weir\/flume<br \/>\n<strong>China National type: <\/strong>Parshall flume (No.1 to 25), rectangular weir (25\/50\/75\/100cm or customize weir width), Right-angled triangle weir, customized weir\/flume.<\/td>\n<\/tr>\n<tr>\n<td style=\"background-color: #d8d8d8;\" width=\"140\">Level resolution<\/td>\n<td width=\"527\">1 mm<\/td>\n<\/tr>\n<tr>\n<td style=\"background-color: #d8d8d8;\" width=\"140\">Level error<\/td>\n<td width=\"527\">1mm or 0.2%FS @ stable condition<\/td>\n<\/tr>\n<tr>\n<td style=\"background-color: #d8d8d8;\" width=\"140\">Ecr\u00e3<\/td>\n<td width=\"527\">LCD display with graph and backlight<\/td>\n<\/tr>\n<tr>\n<td style=\"background-color: #d8d8d8;\" width=\"140\">Op. Language<\/td>\n<td width=\"527\">Chinese \/ English (can be selected)<\/td>\n<\/tr>\n<tr>\n<td style=\"background-color: #d8d8d8;\" width=\"140\">Parameter setting<\/td>\n<td width=\"527\">Keys operation ( manipulator is option)<\/td>\n<\/tr>\n<tr>\n<td style=\"background-color: #d8d8d8;\" width=\"140\">Instant flow display range<\/td>\n<td style=\"vertical-align: middle;\" width=\"527\">0.000 \u2013 999999L\/S or m3\/h, m3\/min (automatically conversion base on selected flow unit)<\/td>\n<\/tr>\n<tr>\n<td style=\"background-color: #d8d8d8;\" width=\"140\">Total flow display Max. value<\/td>\n<td style=\"vertical-align: middle;\" width=\"527\">99999999.9 m3\/h<\/td>\n<\/tr>\n<tr>\n<td style=\"background-color: #d8d8d8;\" width=\"140\">Analog output<\/td>\n<td width=\"527\">4-20mA (corresponding to instant flow)<\/td>\n<\/tr>\n<tr>\n<td style=\"background-color: #d8d8d8;\" width=\"140\">Load resistance<\/td>\n<td width=\"527\">0-500\u03a9<\/td>\n<\/tr>\n<tr>\n<td style=\"background-color: #d8d8d8;\" width=\"140\">Comunica\u00e7\u00e3o<\/td>\n<td width=\"527\">RS485 interface, Modbus-RTU protocol<\/td>\n<\/tr>\n<tr>\n<td style=\"background-color: #d8d8d8; vertical-align: middle;\" width=\"140\">Sa\u00edda de rel\u00e9<\/td>\n<td width=\"527\">Upper limit\/lower limit alarm (to control instant flow or liquid level)<br \/>\nPulse output (for accumulated flow, pulse equivalent can be selected)<\/td>\n<\/tr>\n<tr>\n<td style=\"background-color: #d8d8d8;\" width=\"140\">Relay switch mode<\/td>\n<td width=\"527\">Normal open \/ Normal close (can select)<\/td>\n<\/tr>\n<tr>\n<td style=\"background-color: #d8d8d8;\" width=\"140\">Relay Number<\/td>\n<td width=\"527\">6 pcs at most<\/td>\n<\/tr>\n<tr>\n<td style=\"background-color: #d8d8d8;\" width=\"140\">Relay specification<\/td>\n<td width=\"527\">5A 250VAC \/ 30VDC<\/td>\n<\/tr>\n<tr>\n<td style=\"background-color: #d8d8d8;\" width=\"140\">Alimenta\u00e7\u00e3o el\u00e9ctrica<\/td>\n<td width=\"527\">24VDC (\u00b15%)\u00a0 0.2A;\u00a0\u00a0\u00a0 220VAC(\u00b120%)\u00a0 0.1A<\/td>\n<\/tr>\n<tr>\n<td style=\"background-color: #d8d8d8;\" width=\"140\">Ciclo de medi\u00e7\u00e3o<\/td>\n<td width=\"527\">1 second as default (can set)<\/td>\n<\/tr>\n<tr>\n<td style=\"background-color: #d8d8d8;\" width=\"140\">Temp. ambiente<\/td>\n<td width=\"527\">-40 to 75\u2103<\/td>\n<\/tr>\n<tr>\n<td style=\"background-color: #d8d8d8;\" width=\"140\">Material da caixa<\/td>\n<td width=\"527\">ABS<\/td>\n<\/tr>\n<tr>\n<td style=\"background-color: #d8d8d8;\" width=\"140\">\u00c0 prova de intemp\u00e9ries<\/td>\n<td width=\"527\">IP67<\/td>\n<\/tr>\n<tr>\n<td style=\"background-color: #d8d8d8;\" width=\"140\">Cable gland<\/td>\n<td width=\"527\">PG9 \/ PG11 \/ PG13.5<\/td>\n<\/tr>\n<tr>\n<td style=\"background-color: #d8d8d8;\" width=\"140\">Montagem<\/td>\n<td width=\"527\">Wall mounted<\/td>\n<\/tr>\n<tr>\n<td style=\"background-color: #d8d8d8;\" width=\"140\">Tamanho<\/td>\n<td width=\"527\">250*185*125 mm<\/td>\n<\/tr>\n<\/tbody>\n<\/table>\n<p>&nbsp;<\/p>\n<p><strong>Sensor technical data:<\/strong><\/p>\n<table>\n<tbody>\n<tr style=\"background-color: #d8d8d8;\">\n<td width=\"130\"><img class=\"wp-image-752 aligncenter\" title=\"\" src=\"http:\/\/www.hginstrument.com\/wp-content\/uploads\/2021\/04\/sensor-138x300.jpg\" alt=\"sensor\" width=\"48\" height=\"105\" srcset=\"https:\/\/www.hginstrument.com\/wp-content\/uploads\/2021\/04\/sensor-138x300.jpg 138w, https:\/\/www.hginstrument.com\/wp-content\/uploads\/2021\/04\/sensor.jpg 240w\" sizes=\"(max-width: 48px) 100vw, 48px\" \/><\/td>\n<td width=\"527\">\n<p style=\"text-align: center; vertical-align: middle;\"><strong>Sensor parameter description<\/strong><\/p>\n<\/td>\n<\/tr>\n<tr>\n<td style=\"background-color: #d8d8d8;\" width=\"130\">Level Range<\/td>\n<td width=\"527\">0.00 \uff5e 4.00 m, 6.00m, 8.00m, 12.00m, 20.00m, 30.00m, 40.00m<\/td>\n<\/tr>\n<tr>\n<td style=\"background-color: #d8d8d8;\" width=\"130\">Blind area<\/td>\n<td width=\"527\">0.20m<\/td>\n<\/tr>\n<tr>\n<td style=\"background-color: #d8d8d8;\" width=\"130\">Operation Temp.<\/td>\n<td width=\"527\">-40 to 70\u2103<\/td>\n<\/tr>\n<tr>\n<td style=\"background-color: #d8d8d8;\" width=\"130\">\u00c0 prova de intemp\u00e9ries<\/td>\n<td width=\"527\">IP68<\/td>\n<\/tr>\n<tr>\n<td style=\"background-color: #d8d8d8;\" width=\"130\">Shell material<\/td>\n<td width=\"527\">Option: ABS \/ PVC \/ PTFE<\/td>\n<\/tr>\n<tr>\n<td style=\"background-color: #d8d8d8;\" width=\"130\">Press\u00e3o nominal<\/td>\n<td width=\"527\">0.2 Mpa<\/td>\n<\/tr>\n<tr>\n<td style=\"background-color: #d8d8d8;\" width=\"130\">Comprimento do cabo<\/td>\n<td width=\"527\">Standard configure: 10m, (can extend to 1000m)<\/td>\n<\/tr>\n<tr>\n<td style=\"background-color: #d8d8d8;\" width=\"130\">Beam angle<\/td>\n<td width=\"527\">8\u00b0(3db)<\/td>\n<\/tr>\n<tr>\n<td style=\"background-color: #d8d8d8;\" width=\"130\">Montagem<\/td>\n<td width=\"527\">Thread, Flanged, Bracket<\/td>\n<\/tr>\n<\/tbody>\n<\/table>\n<h5><\/h5>\n<p>&nbsp;<\/p>\n<h5>Esquema de instala\u00e7\u00e3o:<\/h5>\n<p><img class=\"alignnone wp-image-749 size-full\" src=\"http:\/\/www.hginstrument.com\/wp-content\/uploads\/2021\/04\/installation-diagram.jpg\" alt=\"esquema de instala\u00e7\u00e3o\" width=\"575\" height=\"499\" srcset=\"https:\/\/www.hginstrument.com\/wp-content\/uploads\/2021\/04\/installation-diagram.jpg 575w, https:\/\/www.hginstrument.com\/wp-content\/uploads\/2021\/04\/installation-diagram-300x260.jpg 300w\" sizes=\"(max-width: 575px) 100vw, 575px\" \/><\/p>\n<p>&nbsp;<\/p>\n<p>&nbsp;<\/p>","protected":false},"excerpt":{"rendered":"<p>HGUOC Ultrasonic Open channel flow meter contain main unit and sensor, connect sensor to main unit through cable. Sensor detect the liquid level in weir or flume base on the principle of sound wave reflection, then \u00a0main unit use the related formula to calculate the liquid volume flow which pass weir or flume.<\/p>\n<p>Ultrasonic Open channel flow meter is non-contact instrument, widely service groundwater flow monitoring system, Industrial wastewater discharge monitoring, accurately measuring open channel flow.<\/p>","protected":false},"featured_media":1340,"comment_status":"closed","ping_status":"closed","template":"","meta":[],"product_cat":[75,347],"product_tag":[],"acf":[],"_links":{"self":[{"href":"https:\/\/www.hginstrument.com\/pt\/wp-json\/wp\/v2\/product\/743"}],"collection":[{"href":"https:\/\/www.hginstrument.com\/pt\/wp-json\/wp\/v2\/product"}],"about":[{"href":"https:\/\/www.hginstrument.com\/pt\/wp-json\/wp\/v2\/types\/product"}],"replies":[{"embeddable":true,"href":"https:\/\/www.hginstrument.com\/pt\/wp-json\/wp\/v2\/comments?post=743"}],"wp:featuredmedia":[{"embeddable":true,"href":"https:\/\/www.hginstrument.com\/pt\/wp-json\/wp\/v2\/media\/1340"}],"wp:attachment":[{"href":"https:\/\/www.hginstrument.com\/pt\/wp-json\/wp\/v2\/media?parent=743"}],"wp:term":[{"taxonomy":"product_cat","embeddable":true,"href":"https:\/\/www.hginstrument.com\/pt\/wp-json\/wp\/v2\/product_cat?post=743"},{"taxonomy":"product_tag","embeddable":true,"href":"https:\/\/www.hginstrument.com\/pt\/wp-json\/wp\/v2\/product_tag?post=743"}],"curies":[{"name":"wp","href":"https:\/\/api.w.org\/{rel}","templated":true}]}}