{"id":768,"date":"2021-04-26T09:29:58","date_gmt":"2021-04-26T01:29:58","guid":{"rendered":"http:\/\/201230ip92c2.adwebcloud.com\/?post_type=product&#038;p=768"},"modified":"2023-06-08T10:03:07","modified_gmt":"2023-06-08T02:03:07","slug":"integral-ultrasonic-level-transmitter-new-model-sycw","status":"publish","type":"product","link":"https:\/\/www.hginstrument.com\/pt\/level-instrument\/integral-ultrasonic-level-transmitter-new-model-sycw\/","title":{"rendered":"Transmissor de n\u00edvel ultrass\u00f3nico integral (Novo modelo: SYCW)"},"content":{"rendered":"<p><strong>Campo de aplica\u00e7\u00e3o<\/strong><\/p>\n<p>Tratamento de \u00e1guas e esgotos: casa das bombas, po\u00e7o de recolha, tanque de rea\u00e7\u00e3o bioqu\u00edmica, tanque de sedimenta\u00e7\u00e3o, etc.<br \/>\nEnergia el\u00e9ctrica, minas: piscina de argamassa, piscina de lamas de carv\u00e3o, tratamento de \u00e1guas, etc.<\/p>\n<p>&nbsp;<\/p>\n<p><strong>Dados t\u00e9cnicos\u00a0<\/strong><\/p>\n<table width=\"731\">\n<tbody>\n<tr>\n<td style=\"background-color: #d8d8d8; text-align: center;\" width=\"123\">Modelo<\/td>\n<td style=\"text-align: center;\" width=\"133\">SYCW-100<\/td>\n<td style=\"text-align: center;\" width=\"135\">SYCW-700<\/td>\n<td style=\"text-align: center;\" width=\"127\">HGUL-T\/N\/R\/U<\/td>\n<td style=\"text-align: center;\" width=\"213\">HGUL -TI<\/td>\n<\/tr>\n<tr>\n<td style=\"background-color: #d8d8d8; text-align: center;\" width=\"123\">Gama<\/td>\n<td style=\"text-align: center;\" width=\"133\">10m, 15m, 20m<\/td>\n<td style=\"text-align: center;\" width=\"135\">10m, 15m, 20m<\/td>\n<td style=\"text-align: center;\" width=\"127\">4m, 6m, 8m,12m,20m, 30m<\/td>\n<td style=\"text-align: center;\" width=\"213\">4m, 6m, 8m,12m,20m<\/td>\n<\/tr>\n<tr>\n<td style=\"background-color: #d8d8d8; text-align: center;\" width=\"123\">Exatid\u00e3o<\/td>\n<td style=\"text-align: center;\" width=\"133\">0.3%FS<\/td>\n<td style=\"text-align: center;\" width=\"135\">0.3%FS<\/td>\n<td style=\"text-align: center;\" width=\"127\">0,2%FS<\/td>\n<td style=\"text-align: center;\" width=\"213\">0,2%FS<\/td>\n<\/tr>\n<tr>\n<td style=\"background-color: #d8d8d8; text-align: center; vertical-align: middle;\" rowspan=\"2\" width=\"123\">Analog output<\/td>\n<td style=\"text-align: center;\" width=\"133\">4-20mA<\/td>\n<td style=\"text-align: center;\" width=\"135\">4-20mA<\/td>\n<td style=\"text-align: center;\" width=\"127\">4-20mA<\/td>\n<td style=\"text-align: center;\" width=\"213\">4-20mA<\/td>\n<\/tr>\n<tr>\n<td style=\"text-align: center;\" width=\"133\">(2-wire or 3-wire)<\/td>\n<td style=\"text-align: center;\" width=\"135\">(2-wire or 3-wire)<\/td>\n<td style=\"text-align: center;\" width=\"127\">(2-wire, 3-wire or 4-wire)<\/td>\n<td style=\"text-align: center;\" width=\"213\">(2-wire)<\/td>\n<\/tr>\n<tr>\n<td style=\"background-color: #d8d8d8; text-align: center; vertical-align: middle;\" width=\"123\">Comunica\u00e7\u00e3o<\/td>\n<td style=\"text-align: center;\" width=\"133\">NA<\/td>\n<td style=\"text-align: center;\" width=\"135\">NA<\/td>\n<td style=\"text-align: center;\" width=\"127\">Option: RS485, HART<\/td>\n<td style=\"text-align: center;\" width=\"213\">Option: HART<\/td>\n<\/tr>\n<tr>\n<td style=\"background-color: #d8d8d8; text-align: center;\" width=\"123\">Carga de sa\u00edda<\/td>\n<td style=\"text-align: center;\" width=\"133\">0-500\u03a9<\/td>\n<td style=\"text-align: center;\" width=\"135\">0-500\u03a9<\/td>\n<td style=\"text-align: center;\" width=\"127\">0-500\u03a9<\/td>\n<td style=\"text-align: center;\" width=\"213\">0-600\u03a9<\/td>\n<\/tr>\n<tr>\n<td style=\"background-color: #d8d8d8; text-align: center;\" width=\"123\">Ecr\u00e3<\/td>\n<td style=\"text-align: center;\" width=\"133\">LCD 4 d\u00edgitos<\/td>\n<td style=\"text-align: center;\" width=\"135\">LCD 4 d\u00edgitos<\/td>\n<td style=\"text-align: center;\" width=\"127\">LCD 4 d\u00edgitos<\/td>\n<td style=\"text-align: center;\" width=\"213\">LCD 4 d\u00edgitos<\/td>\n<\/tr>\n<tr>\n<td style=\"background-color: #d8d8d8; text-align: center;\" width=\"123\">Alimenta\u00e7\u00e3o el\u00e9ctrica<\/td>\n<td style=\"text-align: center;\" width=\"133\">20-32V DC\u00a0 \u226530mA<\/td>\n<td style=\"text-align: center;\" width=\"135\">20-32V DC\u00a0 \u226530mA<\/td>\n<td style=\"text-align: center;\" width=\"127\">20-32V DC \u226530mA<\/td>\n<td style=\"text-align: center;\" width=\"213\">21-27V DC\u00a0 \u226535mA<\/td>\n<\/tr>\n<tr>\n<td style=\"background-color: #d8d8d8; text-align: center;\" width=\"123\">Temp. ambiente<\/td>\n<td style=\"text-align: center;\" width=\"133\">-20\u2103~70\u2103<\/td>\n<td style=\"text-align: center;\" width=\"135\">-20\u2103~70\u2103<\/td>\n<td style=\"text-align: center;\" width=\"127\">-20\u2103~70\u2103<\/td>\n<td style=\"text-align: center;\" width=\"213\">-20\u2103~70\u2103<\/td>\n<\/tr>\n<tr>\n<td style=\"background-color: #d8d8d8; text-align: center;\" width=\"123\">Gama de press\u00e3o<\/td>\n<td style=\"text-align: center;\" width=\"133\">\u00b10,1Mpa<\/td>\n<td style=\"text-align: center;\" width=\"135\">\u00b10,1Mpa<\/td>\n<td style=\"text-align: center;\" width=\"127\">\u00b10,1Mpa<\/td>\n<td style=\"text-align: center;\" width=\"213\">\u00b10,1Mpa<\/td>\n<\/tr>\n<tr>\n<td style=\"background-color: #d8d8d8; text-align: center;\" width=\"123\">\u00c2ngulo do feixe<\/td>\n<td style=\"text-align: center;\" width=\"133\">6\u00b0, 8\u00b0, 10\u00b0<\/td>\n<td style=\"text-align: center;\" width=\"135\">6\u00b0, 8\u00b0, 10\u00b0<\/td>\n<td style=\"text-align: center;\" width=\"127\">8\u00b0, 5\u00b0<\/td>\n<td style=\"text-align: center;\" width=\"213\">8\u00b0, 5\u00b0<\/td>\n<\/tr>\n<tr>\n<td style=\"background-color: #d8d8d8; text-align: center;\" width=\"123\">Ciclo de medi\u00e7\u00e3o<\/td>\n<td style=\"text-align: center;\" width=\"133\">1 segundo<\/td>\n<td style=\"text-align: center;\" width=\"135\">1 segundo<\/td>\n<td style=\"text-align: center;\" width=\"127\">1 segundo<\/td>\n<td style=\"text-align: center;\" width=\"213\">1\uff5e20 seconds<\/td>\n<\/tr>\n<tr>\n<td style=\"background-color: #d8d8d8; text-align: center;\" width=\"123\">Conjunto de par\u00e2metros<\/td>\n<td style=\"text-align: center;\" width=\"133\">4 buttons<\/td>\n<td style=\"text-align: center;\" width=\"135\">4 buttons<\/td>\n<td style=\"text-align: center;\" width=\"127\">3 bot\u00f5es<\/td>\n<td style=\"text-align: center;\" width=\"213\">3 bot\u00f5es<\/td>\n<\/tr>\n<tr>\n<td style=\"background-color: #d8d8d8; text-align: center;\" width=\"123\">Cable Entry<\/td>\n<td style=\"text-align: center;\" width=\"133\">PG 13.5<\/td>\n<td style=\"text-align: center;\" width=\"135\">M20*1.5<\/td>\n<td style=\"text-align: center;\" width=\"127\">Manga PG 13.5<\/td>\n<td style=\"text-align: center;\" width=\"213\">Manga PG 13.5<\/td>\n<\/tr>\n<tr>\n<td style=\"background-color: #d8d8d8; text-align: center;\" width=\"123\">Material da caixa<\/td>\n<td style=\"text-align: center;\" width=\"133\">ABS<\/td>\n<td style=\"text-align: center;\" width=\"135\">Alum\u00ednio fundido<\/td>\n<td style=\"text-align: center;\" width=\"127\">Alum\u00ednio fundido<\/td>\n<td style=\"text-align: center;\" width=\"213\">Alum\u00ednio fundido<\/td>\n<\/tr>\n<tr>\n<td style=\"background-color: #d8d8d8; text-align: center;\" width=\"123\">Material do sensor<\/td>\n<td style=\"text-align: center;\" width=\"133\">PVC ou PVDF<\/td>\n<td style=\"text-align: center;\" width=\"135\">PVC ou PTFE<\/td>\n<td style=\"text-align: center;\" width=\"127\">PVC ou PTFE<\/td>\n<td style=\"text-align: center;\" width=\"213\">PVC ou PTFE com manga met\u00e1lica<\/td>\n<\/tr>\n<tr>\n<td style=\"background-color: #d8d8d8; text-align: center;\" width=\"123\">Grau de prote\u00e7\u00e3o<\/td>\n<td style=\"text-align: center;\" width=\"133\">IP65<\/td>\n<td style=\"text-align: center;\" width=\"135\">IP65<\/td>\n<td style=\"text-align: center;\" width=\"127\">IP67<\/td>\n<td style=\"text-align: center;\" width=\"213\">IP67<\/td>\n<\/tr>\n<tr>\n<td style=\"background-color: #d8d8d8; text-align: center;\" width=\"123\">\u00c0 prova de explos\u00e3o<\/td>\n<td style=\"text-align: center;\" width=\"133\">NA<\/td>\n<td style=\"text-align: center;\" width=\"135\">Ex(ia) IIBT4<\/td>\n<td style=\"text-align: center;\" width=\"127\">NA<\/td>\n<td style=\"text-align: center;\" width=\"213\">Ex(ia) IICT6<\/td>\n<\/tr>\n<tr>\n<td style=\"background-color: #d8d8d8; text-align: center;\" width=\"123\">Montagem<\/td>\n<td style=\"text-align: center;\" width=\"133\">Rosca, Flangeado<\/td>\n<td style=\"text-align: center;\" width=\"135\">Rosca, Flangeado<\/td>\n<td style=\"text-align: center;\" width=\"127\">Rosca, Flangeado<\/td>\n<td style=\"text-align: center;\" width=\"213\">Rosca, Flangeado<\/td>\n<\/tr>\n<\/tbody>\n<\/table>\n<p>&nbsp;<\/p>\n<p><strong>Instala\u00e7\u00e3o no local :<\/strong><\/p>\n<p><img class=\"alignnone wp-image-1036 size-full\" src=\"http:\/\/www.hginstrument.com\/wp-content\/uploads\/2021\/06\/application.jpg\" alt=\"aplica\u00e7\u00e3o\" width=\"679\" height=\"329\" srcset=\"https:\/\/www.hginstrument.com\/wp-content\/uploads\/2021\/06\/application.jpg 679w, https:\/\/www.hginstrument.com\/wp-content\/uploads\/2021\/06\/application-300x145.jpg 300w, https:\/\/www.hginstrument.com\/wp-content\/uploads\/2021\/06\/application-600x291.jpg 600w\" sizes=\"(max-width: 679px) 100vw, 679px\" \/><\/p>\n<p>&nbsp;<\/p>\n<p><strong>Workshop:<\/strong><\/p>\n<p><img class=\"alignnone wp-image-1046 size-full\" src=\"http:\/\/www.hginstrument.com\/wp-content\/uploads\/2021\/06\/workshop.jpg\" alt=\"oficina\" width=\"710\" height=\"454\" srcset=\"https:\/\/www.hginstrument.com\/wp-content\/uploads\/2021\/06\/workshop.jpg 710w, https:\/\/www.hginstrument.com\/wp-content\/uploads\/2021\/06\/workshop-300x192.jpg 300w, https:\/\/www.hginstrument.com\/wp-content\/uploads\/2021\/06\/workshop-600x384.jpg 600w\" sizes=\"(max-width: 710px) 100vw, 710px\" \/><\/p>\n<p>&nbsp;<\/p>\n<p>&nbsp;<\/p>","protected":false},"excerpt":{"rendered":"<p><strong>Caracter\u00edsticas:<\/strong><br \/>\nAplic\u00e1vel a l\u00edquidos<br \/>\nAlcance: 4m, 6m, 8m, 10m, 12m, 15m, 20m, 30m,<br \/>\n\u25cf Precis\u00e3o: 0,3% FS, 0,2%FS<br \/>\n\u25cf Material do sensor: PVC, PVDF, PTFE<br \/>\n\u25cf Transmitter housing material: ABS \/ Aluminum<\/p>","protected":false},"featured_media":1521,"comment_status":"closed","ping_status":"closed","template":"","meta":[],"product_cat":[705,76],"product_tag":[],"acf":[],"_links":{"self":[{"href":"https:\/\/www.hginstrument.com\/pt\/wp-json\/wp\/v2\/product\/768"}],"collection":[{"href":"https:\/\/www.hginstrument.com\/pt\/wp-json\/wp\/v2\/product"}],"about":[{"href":"https:\/\/www.hginstrument.com\/pt\/wp-json\/wp\/v2\/types\/product"}],"replies":[{"embeddable":true,"href":"https:\/\/www.hginstrument.com\/pt\/wp-json\/wp\/v2\/comments?post=768"}],"wp:featuredmedia":[{"embeddable":true,"href":"https:\/\/www.hginstrument.com\/pt\/wp-json\/wp\/v2\/media\/1521"}],"wp:attachment":[{"href":"https:\/\/www.hginstrument.com\/pt\/wp-json\/wp\/v2\/media?parent=768"}],"wp:term":[{"taxonomy":"product_cat","embeddable":true,"href":"https:\/\/www.hginstrument.com\/pt\/wp-json\/wp\/v2\/product_cat?post=768"},{"taxonomy":"product_tag","embeddable":true,"href":"https:\/\/www.hginstrument.com\/pt\/wp-json\/wp\/v2\/product_tag?post=768"}],"curies":[{"name":"wp","href":"https:\/\/api.w.org\/{rel}","templated":true}]}}