{"id":821,"date":"2021-04-26T16:04:18","date_gmt":"2021-04-26T08:04:18","guid":{"rendered":"http:\/\/201230ip92c2.adwebcloud.com\/?post_type=product&#038;p=821"},"modified":"2021-10-14T14:23:22","modified_gmt":"2021-10-14T06:23:22","slug":"rf-admittance-level-transmitter","status":"publish","type":"product","link":"https:\/\/www.hginstrument.com\/pt\/level-instrument\/rf-admittance-level-transmitter\/","title":{"rendered":"Transmissor de n\u00edvel de admit\u00e2ncia RF"},"content":{"rendered":"<h3>Aplica\u00e7\u00f5es t\u00edpicas<\/h3>\n<p>&nbsp;<\/p>\n<p><strong>Centrais el\u00e9ctricas:<\/strong> pilha de carv\u00e3o, bunker de carv\u00e3o, tanques de bunker, tanque de purifica\u00e7\u00e3o de gases de escape, bombas de drenagem, biblioteca cinzenta, tanques, etc.<br \/>\n<strong>\u25cf Campo petrol\u00edfero:<\/strong> tanques de armazenamento de petr\u00f3leo bruto ou refinado, separador trif\u00e1sico, tanque de sedimenta\u00e7\u00e3o, tanque de esgoto (piscina) e interface \u00f3leo-\u00e1gua, tanque de lama de perfura\u00e7\u00e3o, etc.<br \/>\n<strong>\u25cf Petroqu\u00edmica:<\/strong> tubagem, coluna de destila\u00e7\u00e3o, reservat\u00f3rio de concentrado, reservat\u00f3rio de g\u00e1s, reservat\u00f3rios de amon\u00edaco, tambor de vapor, dep\u00f3sito de \u00f3leo de refinaria, interface de desarticula\u00e7\u00e3o el\u00e9ctrica, reservat\u00f3rio de asfalto.<br \/>\n<strong>Ind\u00fastria qu\u00edmica:<\/strong> coluna de destila\u00e7\u00e3o de petr\u00f3leo bruto, silos de mat\u00e9rias-primas e produtos interm\u00e9dios, tanque de rea\u00e7\u00e3o, tanques de amon\u00edaco, tanque de l\u00edquidos t\u00f3xicos, silo de s\u00f3lidos, separadores, etc.<br \/>\n<strong>\u25cf Metalurgia:<\/strong> silos de min\u00e9rio, triturador de min\u00e9rio, armaz\u00e9m de mat\u00e9rias-primas, armaz\u00e9m de acess\u00f3rios, alto-forno, bunker de alumina, c\u00e9lula electrol\u00edtica, tanque tamp\u00e3o, etc.<br \/>\n<strong>Cimento:<\/strong> armaz\u00e9m de pedra, silo de cru, silo de cimento, armaz\u00e9m de carv\u00e3o, posi\u00e7\u00f5es de armazenamento de esc\u00f3rias.<br \/>\n<strong>\u00c1gua e tratamento de \u00e1gua:<\/strong>\u00a0 tanques, fossas, tanques de tratamento de \u00e1gua, tanques de sedimenta\u00e7\u00e3o, torres de digest\u00e3o, gasodutos, po\u00e7os profundos, \u00e1gua pot\u00e1vel, etc.<br \/>\n<strong>Papel:<\/strong> armaz\u00e9m de mat\u00e9rias-primas, torre de armazenamento de materiais, tambor de secagem, silos de armazenamento de materiais qu\u00edmicos.<br \/>\n<strong>\u25cf Outros:<\/strong> pedreiras, produtos alimentares, produtos farmac\u00eauticos, prote\u00e7\u00e3o ambiental, constru\u00e7\u00e3o naval e outras ind\u00fastrias.<\/p>\n<p>&nbsp;<\/p>\n<h5><strong>Princ\u00edpio:<\/strong><\/h5>\n<p>A capacit\u00e2ncia entre a sonda e a parede do reservat\u00f3rio varia em fun\u00e7\u00e3o da altera\u00e7\u00e3o do n\u00edvel do material no reservat\u00f3rio. E a capacit\u00e2ncia entre a sonda e a parede do dep\u00f3sito tem uma rela\u00e7\u00e3o proporcional com o n\u00edvel do material.<\/p>\n<p>&nbsp;<\/p>\n<h5><strong>Dados t\u00e9cnicos:\u00a0<\/strong><\/h5>\n<table width=\"811\">\n<tbody>\n<tr>\n<td style=\"background-color: #d8d8d8; text-align: left;\" width=\"136\">Modelo<\/td>\n<td style=\"text-align: center;\" width=\"237\">HGSP-16<\/td>\n<td style=\"text-align: center;\" width=\"210\">HGSP-17<\/td>\n<td style=\"text-align: center;\" width=\"228\">HGSP-18<\/td>\n<\/tr>\n<tr>\n<td style=\"background-color: #d8d8d8; vertical-align: middle;\" rowspan=\"2\" width=\"136\">Aplica\u00e7\u00e3o<\/td>\n<td style=\"vertical-align: middle;\" rowspan=\"2\" width=\"237\">L\u00edquidos corrosivos\/condutores, l\u00edquidos viscosos<\/td>\n<td style=\"vertical-align: middle;\" rowspan=\"2\" width=\"210\">L\u00edquidos condutores\/p\u00f3 s\u00f3lido condutor<\/td>\n<td width=\"228\">S\u00f3lidos isolantes<\/td>\n<\/tr>\n<tr>\n<td width=\"228\">L\u00edquidos isolantes<\/td>\n<\/tr>\n<tr>\n<td style=\"background-color: #d8d8d8;\" width=\"136\">Tipo de sonda<\/td>\n<td width=\"237\">Barra r\u00edgida isolada<\/td>\n<td width=\"210\">Cabo macio isolado<\/td>\n<td width=\"228\">Cabo macio sem isolamento<\/td>\n<\/tr>\n<tr>\n<td style=\"background-color: #d8d8d8;\" width=\"136\">Liga\u00e7\u00e3o ao processo<\/td>\n<td width=\"237\">G 3\/4\"<\/td>\n<td width=\"210\">G 3\/4\"<\/td>\n<td width=\"228\">G 1\"<\/td>\n<\/tr>\n<tr>\n<td style=\"background-color: #d8d8d8;\" width=\"136\">Temp. do processo<\/td>\n<td width=\"237\">-100...260\u2103<\/td>\n<td width=\"210\">-40...140\u2103<\/td>\n<td width=\"228\">-100...150\u2103<\/td>\n<\/tr>\n<tr>\n<td style=\"background-color: #d8d8d8;\" width=\"136\">Press\u00e3o do processo<\/td>\n<td width=\"237\">-0,1...4,0MPa<\/td>\n<td width=\"210\">-0,1...4,0MPa<\/td>\n<td width=\"228\">-0,1...6,3MPa<\/td>\n<\/tr>\n<tr>\n<td width=\"136\"><\/td>\n<td><\/td>\n<td><\/td>\n<td><\/td>\n<\/tr>\n<tr>\n<td style=\"background-color: #d8d8d8;\" width=\"136\">Modelo<\/td>\n<td width=\"237\">HGSP-19<\/td>\n<td width=\"210\">HGSP-20<\/td>\n<td width=\"228\">HGSP-21<\/td>\n<\/tr>\n<tr>\n<td style=\"background-color: #d8d8d8; vertical-align: middle;\" width=\"136\">Aplica\u00e7\u00e3o<\/td>\n<td style=\"vertical-align: middle;\" width=\"237\">L\u00edquidos condutores, interface<\/td>\n<td style=\"vertical-align: middle;\" width=\"210\">Po\u00e7o profundo, grande alcance<\/td>\n<td style=\"vertical-align: middle;\" width=\"228\">L\u00edquidos com baixa constante diel\u00e9ctrica<\/td>\n<\/tr>\n<tr>\n<td style=\"background-color: #d8d8d8;\" width=\"136\">Tipo de sonda<\/td>\n<td width=\"237\">Cabo macio isolado<\/td>\n<td width=\"210\">Cabo macio<\/td>\n<td width=\"228\">Barra r\u00edgida do tipo cilindro<\/td>\n<\/tr>\n<tr>\n<td style=\"background-color: #d8d8d8;\" width=\"136\">Liga\u00e7\u00e3o ao processo<\/td>\n<td width=\"237\">G 3\/4\"<\/td>\n<td width=\"210\">G 3\/4\"<\/td>\n<td width=\"228\">G 1 1\/2\"<\/td>\n<\/tr>\n<tr>\n<td style=\"background-color: #d8d8d8;\" width=\"136\">Temp. do processo<\/td>\n<td width=\"237\">-100...150\u2103<\/td>\n<td width=\"210\">-100...150\u2103<\/td>\n<td width=\"228\">-100...150\u2103<\/td>\n<\/tr>\n<tr>\n<td style=\"background-color: #d8d8d8;\" width=\"136\">Press\u00e3o do processo<\/td>\n<td width=\"237\">-0,1...4,0MPa<\/td>\n<td width=\"210\">-0,1...1,6MPa<\/td>\n<td width=\"228\">-0,1...6,3MPa<\/td>\n<\/tr>\n<tr>\n<td width=\"136\"><\/td>\n<td width=\"237\"><\/td>\n<td width=\"210\"><\/td>\n<td width=\"228\"><\/td>\n<\/tr>\n<tr>\n<td style=\"background-color: #d8d8d8; text-align: left;\" width=\"136\">Modelo<\/td>\n<td style=\"text-align: center;\" width=\"237\">HGSP-22<\/td>\n<td style=\"text-align: center;\" width=\"210\">HGSP-23<\/td>\n<td style=\"text-align: center;\" width=\"228\">HGSP-24<\/td>\n<\/tr>\n<tr>\n<td style=\"background-color: #d8d8d8; vertical-align: middle;\" width=\"136\">Aplica\u00e7\u00e3o<\/td>\n<td style=\"vertical-align: middle;\" width=\"237\">L\u00edquidos com forte corros\u00e3o<\/td>\n<td style=\"vertical-align: middle;\" width=\"210\">Interface, desarme el\u00e9trico, agita\u00e7\u00e3o forte<\/td>\n<td style=\"vertical-align: middle;\" width=\"228\">S\u00f3lidos isolados com alta temperatura<\/td>\n<\/tr>\n<tr>\n<td style=\"background-color: #d8d8d8;\" width=\"136\">Tipo de sonda<\/td>\n<td width=\"237\">barra r\u00edgida isolada<\/td>\n<td width=\"210\">Barra r\u00edgida isolada<\/td>\n<td width=\"228\">Cabo macio<\/td>\n<\/tr>\n<tr>\n<td style=\"background-color: #d8d8d8;\" width=\"136\">Liga\u00e7\u00e3o ao processo<\/td>\n<td width=\"237\">Flange (DN80)<\/td>\n<td width=\"210\">G 1\"<\/td>\n<td width=\"228\">G 1\"<\/td>\n<\/tr>\n<tr>\n<td style=\"background-color: #d8d8d8;\" width=\"136\">Temp. do processo<\/td>\n<td width=\"237\">-100...150\u2103<\/td>\n<td width=\"210\">-100...150\u2103<\/td>\n<td width=\"228\">-50...250\u2103<\/td>\n<\/tr>\n<tr>\n<td style=\"background-color: #d8d8d8;\" width=\"136\">Press\u00e3o do processo<\/td>\n<td width=\"237\">-0,1...2,5MPa<\/td>\n<td width=\"210\">-0,1...6,3MPa<\/td>\n<td width=\"228\">-0,1...1,6MPa<\/td>\n<\/tr>\n<\/tbody>\n<\/table>\n<p>&nbsp;<\/p>\n<p>&nbsp;<\/p>","protected":false},"excerpt":{"rendered":"<p>O transmissor de n\u00edvel de admit\u00e2ncia RF \u00e9 aplic\u00e1vel a meios com elevada viscosidade.<\/p>","protected":false},"featured_media":1471,"comment_status":"closed","ping_status":"closed","template":"","meta":[],"product_cat":[76,759],"product_tag":[],"acf":[],"_links":{"self":[{"href":"https:\/\/www.hginstrument.com\/pt\/wp-json\/wp\/v2\/product\/821"}],"collection":[{"href":"https:\/\/www.hginstrument.com\/pt\/wp-json\/wp\/v2\/product"}],"about":[{"href":"https:\/\/www.hginstrument.com\/pt\/wp-json\/wp\/v2\/types\/product"}],"replies":[{"embeddable":true,"href":"https:\/\/www.hginstrument.com\/pt\/wp-json\/wp\/v2\/comments?post=821"}],"wp:featuredmedia":[{"embeddable":true,"href":"https:\/\/www.hginstrument.com\/pt\/wp-json\/wp\/v2\/media\/1471"}],"wp:attachment":[{"href":"https:\/\/www.hginstrument.com\/pt\/wp-json\/wp\/v2\/media?parent=821"}],"wp:term":[{"taxonomy":"product_cat","embeddable":true,"href":"https:\/\/www.hginstrument.com\/pt\/wp-json\/wp\/v2\/product_cat?post=821"},{"taxonomy":"product_tag","embeddable":true,"href":"https:\/\/www.hginstrument.com\/pt\/wp-json\/wp\/v2\/product_tag?post=821"}],"curies":[{"name":"wp","href":"https:\/\/api.w.org\/{rel}","templated":true}]}}