{"id":827,"date":"2021-04-27T13:41:49","date_gmt":"2021-04-27T05:41:49","guid":{"rendered":"http:\/\/201230ip92c2.adwebcloud.com\/?post_type=product&#038;p=827"},"modified":"2021-07-23T14:05:15","modified_gmt":"2021-07-23T06:05:15","slug":"level-transmitter-with-single-remote-seal","status":"publish","type":"product","link":"https:\/\/www.hginstrument.com\/pt\/level-instrument\/level-transmitter-with-single-remote-seal\/","title":{"rendered":"Transmissor de n\u00edvel com veda\u00e7\u00e3o remota simples"},"content":{"rendered":"<p><strong>Caracter\u00edsticas:<\/strong><\/p>\n<ul>\n<li>Aplic\u00e1vel a l\u00edquidos em tanques abertos<\/li>\n<li>consistem em transmissor de press\u00e3o \/ transmissor de press\u00e3o diferencial e vedante remoto<\/li>\n<li>Liga\u00e7\u00e3o ao processo: flange \/ rosca, tipo de liga\u00e7\u00e3o da flange: lateral \/ inferior<\/li>\n<li>Gama de medi\u00e7\u00e3o: 0-10 MPa<\/li>\n<li>Material da membrana: SS316L, Hastelloy C, Tit\u00e2nio, T\u00e2ntalo, SS316L+PTFE<\/li>\n<li>Fluido de enchimento: \u00f3leo de silicone<\/li>\n<li>Tipo de resist\u00eancia \u00e0 temperatura do \u00f3leo de silicone: -40 a 149\u2103, -30 a 200\u2103, -10 a 350\u2103, -10 a 400\u2103, 0 a 250\u2103, 15 a 315\u2103<\/li>\n<li>Acess\u00f3rios: Capilar (op\u00e7\u00e3o), tubo de extens\u00e3o (op\u00e7\u00e3o), comprimento personalizado<\/li>\n<li>Alimenta\u00e7\u00e3o el\u00e9ctrica: 24V DC<\/li>\n<li>Sa\u00edda: 4-20mA, HART<\/li>\n<\/ul>\n<p>&nbsp;<\/p>\n<p><strong>Tipo de montagem:<\/strong><\/p>\n<p>&nbsp;<\/p>\n<p><img class=\"wp-image-826 size-full\" style=\"font-style: inherit; font-weight: bold;\" title=\"transmissor de n\u00edvel de flange simples outro conjunto.jpg 1749900223 1\" src=\"http:\/\/www.hginstrument.com\/wp-content\/uploads\/2021\/04\/single-flange-level-transmitter-other-assembly.jpg-1749900223-1.jpg\" alt=\"transmissor de n\u00edvel de flange simples outro conjunto.jpg 1749900223 1\" width=\"748\" height=\"557\" srcset=\"https:\/\/www.hginstrument.com\/wp-content\/uploads\/2021\/04\/single-flange-level-transmitter-other-assembly.jpg-1749900223-1.jpg 748w, https:\/\/www.hginstrument.com\/wp-content\/uploads\/2021\/04\/single-flange-level-transmitter-other-assembly.jpg-1749900223-1-300x223.jpg 300w, https:\/\/www.hginstrument.com\/wp-content\/uploads\/2021\/04\/single-flange-level-transmitter-other-assembly.jpg-1749900223-1-600x447.jpg 600w\" sizes=\"(max-width: 748px) 100vw, 748px\" \/><\/p>\n<p>Figura 1: Transmissor de press\u00e3o com veda\u00e7\u00e3o por flange de descarga<br \/>\nFigura 2: Transmissor de press\u00e3o diferencial com veda\u00e7\u00e3o por flange de descarga e capilar<br \/>\nFigura 3: Transmissor de press\u00e3o diferencial com veda\u00e7\u00e3o por flange de descarga e tubo de extens\u00e3o<br \/>\nFigura 4: Transmissor de press\u00e3o com vedante remoto e capilar, a liga\u00e7\u00e3o ao processo \u00e9 feita por rosca<\/p>\n<p>&nbsp;<\/p>\n<p><strong>Workshop:\u00a0<\/strong><\/p>\n<p><img class=\"alignnone wp-image-823 size-full\" src=\"http:\/\/www.hginstrument.com\/wp-content\/uploads\/2021\/04\/pr-capacitance-pt.jpg-1750148281.jpg\" alt=\"pr capacit\u00e2ncia pt.jpg 1750148281\" width=\"654\" height=\"326\" srcset=\"https:\/\/www.hginstrument.com\/wp-content\/uploads\/2021\/04\/pr-capacitance-pt.jpg-1750148281.jpg 654w, https:\/\/www.hginstrument.com\/wp-content\/uploads\/2021\/04\/pr-capacitance-pt.jpg-1750148281-300x150.jpg 300w, https:\/\/www.hginstrument.com\/wp-content\/uploads\/2021\/04\/pr-capacitance-pt.jpg-1750148281-600x299.jpg 600w\" sizes=\"(max-width: 654px) 100vw, 654px\" \/><\/p>\n<p>&nbsp;<\/p>\n<p>&nbsp;<\/p>","protected":false},"excerpt":{"rendered":"<p>O transmissor de n\u00edvel com veda\u00e7\u00e3o remota \u00fanica geralmente faz o servi\u00e7o de tanque aberto para medir o n\u00edvel do l\u00edquido corrosivo ou l\u00edquido de alta temperatura.<\/p>","protected":false},"featured_media":1472,"comment_status":"closed","ping_status":"closed","template":"","meta":[],"product_cat":[789,76],"product_tag":[],"acf":[],"_links":{"self":[{"href":"https:\/\/www.hginstrument.com\/pt\/wp-json\/wp\/v2\/product\/827"}],"collection":[{"href":"https:\/\/www.hginstrument.com\/pt\/wp-json\/wp\/v2\/product"}],"about":[{"href":"https:\/\/www.hginstrument.com\/pt\/wp-json\/wp\/v2\/types\/product"}],"replies":[{"embeddable":true,"href":"https:\/\/www.hginstrument.com\/pt\/wp-json\/wp\/v2\/comments?post=827"}],"wp:featuredmedia":[{"embeddable":true,"href":"https:\/\/www.hginstrument.com\/pt\/wp-json\/wp\/v2\/media\/1472"}],"wp:attachment":[{"href":"https:\/\/www.hginstrument.com\/pt\/wp-json\/wp\/v2\/media?parent=827"}],"wp:term":[{"taxonomy":"product_cat","embeddable":true,"href":"https:\/\/www.hginstrument.com\/pt\/wp-json\/wp\/v2\/product_cat?post=827"},{"taxonomy":"product_tag","embeddable":true,"href":"https:\/\/www.hginstrument.com\/pt\/wp-json\/wp\/v2\/product_tag?post=827"}],"curies":[{"name":"wp","href":"https:\/\/api.w.org\/{rel}","templated":true}]}}